{"id":267,"date":"2021-08-06T12:03:52","date_gmt":"2021-08-06T09:03:52","guid":{"rendered":"https:\/\/www.wpr1918.gr\/?page_id=267"},"modified":"2023-07-04T08:45:21","modified_gmt":"2023-07-04T05:45:21","slug":"research-team","status":"publish","type":"page","link":"https:\/\/www.wpr1918.gr\/en\/research-team\/","title":{"rendered":"Research Team"},"content":{"rendered":"<p><img loading=\"lazy\" decoding=\"async\" class=\"alignnone size-full wp-image-174\" src=\"https:\/\/www.wpr1918.gr\/wp-content\/uploads\/2021\/07\/ggek_logo.jpg\" alt=\"\" width=\"241\" height=\"104\" \/> <img loading=\"lazy\" decoding=\"async\" class=\"alignnone size-full wp-image-173\" src=\"https:\/\/www.wpr1918.gr\/wp-content\/uploads\/2021\/07\/elidek.jpg\" alt=\"\" width=\"193\" height=\"104\" \/><\/p>\n<p>&nbsp;<\/p>\n<p>Nafsika Vassilopoulou,<\/p>\n<p>PhD in Byzantine History, NKUA<\/p>\n<p>Postdoctoral Research Fellow,<\/p>\n<p>Hellenic Foundation for Research and Innovation \/ University of the Aegean<\/p>\n<p>Nafsika Vassilopoulou was born in Athens in 1983. She holds a PhD in Byzantine history from the National and Kapodistrian University of Athens, where she also completed her undergraduate and postgraduate studies. Her research interests are focused on the late Byzantine period, diplomacy, war, identity issues, religious conflict and relations between the Byzantine empire, the West and the Ottomans. She has taught as a postdoctoral fellow at the University of Crete and the Ionian University, and was a research associate in major research programmes, including the DARIAH-GR Digital Humanities project. She has several publications and participated in various international conferences. Besides Greek, she speaks English, German, Turkish and Italian.<\/p>\n<p>She is currently a postdoctoral research fellow at the University of the Aegean, at the project \u201cThe World of the Palaiologan Romance. Representations of Self and Society in the Greek Narrative works of the Late Medieval period (thirteenth &#8211; fifteenth centuries). A Multidisciplinary Approach to Identity, Otherness, Gender and Ideology\u201d funded by the Hellenic Foundation for Research and Innovation. Her contribution in the programme concerns\u00a0 the comparison of the romances to the historiography of the Palaiologan era in terms of identity, society and gender.<\/p>\n<p>Selected publications:<\/p>\n<ul>\n<li>Byzantine imperial match-making in the Palaeologan era (1258-1453): political approaches (PhD Dissertation), Athens 2015 (in Greek with english summary), [http:\/\/www.didaktorika.gr\/\/eadd\/handle\/10442\/37048]<\/li>\n<li>\u039f\u1f50\u03b3\u1f70\u03c1\u03b4\u1f74\u03bc\u03b5\u03c4\u03c1\u03b9\u03ce\u03c4\u03b5\u03c1\u03bf\u03b9\u03c4\u1ff6\u03bd\u1f19\u03c3\u03c0\u03b5\u03c1\u03af\u03c9\u03bd\u1f10\u03c7\u03b8\u03c1\u1ff6\u03bd\u03bf\u1f31\u03c0\u03b1\u03c1\u1f70\u03c4\u1fc6\u03c2\u1f08\u03bd\u03b1\u03c4\u03bf\u03bb\u1fc6\u03c2\u1f41\u03c1\u03bc\u03ce\u03bc\u03b5\u03bd\u03bf\u03b9\u03a4\u03bf\u1fe6\u03c1\u03ba\u03bf\u03b9 \u2026: Theodore I Palaeologus and the Peloponnese in the late fourteenth century Eoa kai Esperia, v. 8 (2012), p. 325-352 (in Greek with english summary), [http:\/\/dx.doi.org\/10.12681\/eoaesperia.16]<\/li>\n<li>The opposition of the \u2018aristocracy\u2019 in the Union of the Churches in the Palaeologan period (in Greek), in Proceedings of the 2nd Conference of Young Researchers \u00abReligion and Politics\u00bb, ed. Anna-Susanna Tsokanis, Diachronia, Supplement 3 (2016), p. 193-206<\/li>\n<li>(with Marilia Lykaki) Mercenaries of Byzantium: Their role during the transition from the Middle to the Late Byzantine era (in Greek), in \u0391. Kolia-Dermitzaki, V. Seirinidou, Sp. Ploumidis (ed.), \u039c. Lykaki (ed. colaboration.), Histories of War in South-Eastern Europe: An Approach in the Longue Dur\u00e9e. A centenary since the Balkan Wars of 1912-13. International Scientific Conference of the Department of History and Archaeology (7-9 November 2013), Athens 2018, 160-175<\/li>\n<li>\u2018All men must die\u2019: violence and politics in the early years of Michael VIII Palaeologos\u2019s reign. The assassination of the Mouzalones brothers (1258), Violence and Politics: Ideologies, Identities, Representations, ed. by Antonios Ampoutis, Marios Dimitriadis, Sakis Dimitriadis, Theodora Konstantellou, Maria Mamali and Vangelis Sarafis, Cambridge Scholars Publishing 2018, 409-425<\/li>\n<li>Authors, warriors, Zealots: the cultural landscape of the Palaeologan civil strifes, Proceedings of the Medieval Culture and War Conference. Transformation, Renovation, Continuity (in print)<\/li>\n<li>The Greek magnates of the Peloponnese and the Palaeologi: the episode of 1415, Eoa kai Esperia, v.10 (forthcoming)<\/li>\n<li>Sovereignty and female authority in the Palaiologan romances. Consistencies and inconsistencies with historiographical texts (forthcoming)<\/li>\n<li>Ethnic identities and political terminology in the byzantine texts of the 13th century: Historiography vs Romance, East vs West? (forthcoming)<\/li>\n<\/ul>\n<p>Konstantinos Karatolios is a PhD candidate in Byzantine History at the University of Crete. He holds a postgraduate degree in Byzantine Studies at the Department of History and Archaeology at the University of Crete (with a scholarship from the State Scholarships Foundation of Greece). He is also a graduate of the Department of Primary Education at the University of Crete and the Department of Social Anthropology and History at the University of the Aegean.<\/p>\n<p>He has written three books so far, he has taken part in three collective volumes and published many articles on Byzantine History. His work has been translated in English, French, Spanish, Portuguese and Italian.<\/p>\n<p>His role in the research program \u201cThe World of the Palaiologian Romance. Representations of Self and Society in the Greek Narrative works of the Late Medieval period (thirteenth-fifteenth centuries). A Multidisciplinary Approach to Identity, Otherness, Gender, and Ideology&#8221; was mainly t\u03bf compare Palaiologan romances with contemporary rhetorical texts.<\/p>\n<p>&nbsp;<\/p>\n<p><strong>Selected Bibliography\/ <\/strong><strong>\u0395\u03bd\u03b4\u03b5\u03b9\u03ba\u03c4\u03b9\u03ba\u03ae<\/strong> <strong>\u0392\u03b9\u03b2\u03bb\u03b9\u03bf\u03b3\u03c1\u03b1\u03c6\u03af\u03b1<\/strong><\/p>\n<p><strong>Books\/ <\/strong><strong>\u0392\u03b9\u03b2\u03bb\u03af\u03b1<\/strong><strong>:<\/strong><\/p>\n<p><em>\u03a4\u03bf \u03a5\u03b3\u03c1\u03cc\u03bd \u03a0\u03c5\u03c1 \u03ba\u03b1\u03b9 \u03b7 \u03a3\u03c5\u03bc\u03b2\u03bf\u03bb\u03ae \u03c4\u03bf\u03c5 \u03c3\u03c4\u03b7 \u0392\u03c5\u03b6\u03b1\u03bd\u03c4\u03b9\u03bd\u03ae \u0399\u03c3\u03c7\u03cd<\/em>, Athens, 1st publication 2013, 2nd publication 2014. Also published in: English<em>, Greek Fire and its Contribution to Byzantine Might<\/em>, 2014, Portuguese, <em>O Fogo Grego e a sua contribui\u00e7\u00e3o para o<\/em> <em>poderio Bizantino<\/em>, 2017, Spanish, <em>El Fuego Griego y su contribuci\u00f3n al poder bizantino<\/em>, 2017, French, <em>Le feu gr\u00e9geois et sa contribution \u00e0 la puissance byzantine: pr\u00e9sentation d\u2019une arme terrifiante<\/em>, 2018, Italian, <em>Il Fuoco Greco e il suo contributo alla potenza bizantina: Un&#8217;introduzione a un&#8217;arma terrificante<\/em>, 2019.<\/p>\n<p><strong>Chapters in books\/ <\/strong><strong>\u039a\u03b5\u03c6\u03ac\u03bb\u03b1\u03b9\u03b1<\/strong> <strong>\u03c3\u03b5<\/strong> <strong>\u0392\u03b9\u03b2\u03bb\u03af\u03b1<\/strong><strong>:<\/strong><\/p>\n<p>\u201cFrom a peacemaker to a warrior: Changes in the imperial education as illustrated in the eleventh century Mirrors of Princes\u201d in Theotokis G., Me\u0161ko M. (ed.), <em>War in 11th century Byzantium<\/em>, Routledge 2021, pp. 98- 108.<\/p>\n<p>\u201cTravelling as a Hostage: The Testimony of Kaminiates\u2019s <em>Capture of Thessalonike\u201d<\/em><\/p>\n<p>in Stojkovski B. (ed.)<em>,<\/em> <em>Voyages and Travel Accounts in Historiography and Literature, vol. 1. Voyages and Travelogues from Antiquity to the Late Middle Ages<\/em>, Trivent 2020, pp. 19- 32.<\/p>\n<p><strong>Articles in Journals\/<\/strong><strong>\u0386\u03c1\u03b8\u03c1\u03b1<\/strong> <strong>\u03c3\u03b5<\/strong> <strong>\u03c0\u03b5\u03c1\u03b9\u03bf\u03b4\u03b9\u03ba\u03ac<\/strong><strong>:<\/strong><\/p>\n<p>&nbsp;<\/p>\n<p>\u201cSocial stability and mobility through marriage in Metochites&#8217; <em>On Education<\/em> and in <em>Velthandros and Chrysantza\u201d<\/em><em>.<\/em> Rosetta 26 (2021), (under publication).<\/p>\n<p>&nbsp;<\/p>\n<p>\u201cGreek Fire, Reconsidering a terrifying Byzantine weapon\u201d, Mediterranean Chronicle 8, (2018), pp. 37- 50.<\/p>\n<p>&nbsp;<\/p>\n<p><strong>Conference Proceedings\/<\/strong><strong>\u03a0\u03c1\u03b1\u03ba\u03c4\u03b9\u03ba\u03ac<\/strong> <strong>\u03a3\u03c5\u03bd\u03b5\u03b4\u03c1\u03af\u03c9\u03bd<\/strong><strong>:<\/strong><\/p>\n<p>\u00ab\u0397 \u0395\u03ba\u03c0\u03b1\u03af\u03b4\u03b5\u03c5\u03c3\u03b7 \u03c4\u03bf\u03c5 \u0392\u03b1\u03c3\u03b9\u03bb\u03b5\u03af\u03bf\u03c5 \u0391\u0384 \u03bc\u03b5\u03c4\u03ac \u03b1\u03c0\u03cc \u03c4\u03b7\u03bd \u0386\u03bd\u03bf\u03b4\u03cc \u03c4\u03bf\u03c5 \u03c3\u03c4\u03bf\u03bd \u0392\u03c5\u03b6\u03b1\u03bd\u03c4\u03b9\u03bd\u03cc \u0398\u03c1\u03cc\u03bd\u03bf\u00bb [The Education of Basil I after he Became Emperor], 6<sup>th<\/sup> International Conference for the Promotion of Educational Innovation, 16- 18 October 2020, Conference Proceedings, Larissa 2021, volume II, pp. 564- 570.<\/p>\n<p>\u00ab\u0397 \u03a0\u03b1\u03b9\u03b4\u03b5\u03af\u03b1 \u03c4\u03bf\u03c5 \u0392\u03b1\u03c3\u03b9\u03bb\u03b5\u03af\u03bf\u03c5 \u0391\u0384 \u03c4\u03bf\u03c5 \u039c\u03b1\u03ba\u03b5\u03b4\u03cc\u03bd\u03b1. \u039c\u03b9\u03b1 \u0394\u03b9\u03b5\u03c0\u03b9\u03c3\u03c4\u03b7\u03bc\u03bf\u03bd\u03b9\u03ba\u03ae \u03a0\u03c1\u03bf\u03c3\u03ad\u03b3\u03b3\u03b9\u03c3\u03b7\u00bb [The Education of Basil I. An Interdisciplinary Approach], I.A.K.E, 5th International Scientific Conference, Conference Proceedings, Heraklion 5- 7 April 2019, volume II, Heraklion 2019, pp. 236- 242.<\/p>\n<p>\u00ab\u0395\u03c5\u03b5\u03c1\u03b3\u03b5\u03c3\u03af\u03b5\u03c2 \u03ba\u03b1\u03b9 \u03a6\u03b9\u03bb\u03b1\u03bd\u03b8\u03c1\u03c9\u03c0\u03af\u03b1 \u03c3\u03c4\u03b7\u03bd \u0391\u03c5\u03c4\u03bf\u03ba\u03c1\u03b1\u03c4\u03bf\u03c1\u03b9\u03ba\u03ae \u0399\u03b4\u03b5\u03bf\u03bb\u03bf\u03b3\u03af\u03b1 \u03c4\u03b7\u03c2 \u039c\u03ad\u03c3\u03b7\u03c2 \u0392\u03c5\u03b6\u03b1\u03bd\u03c4\u03b9\u03bd\u03ae\u03c2 \u03a0\u03b5\u03c1\u03b9\u03cc\u03b4\u03bf\u03c5. \u039f\u03b9 \u03a3\u03c5\u03bc\u03b2\u03bf\u03c5\u03bb\u03ad\u03c2 \u03c4\u03bf\u03c5 \u03a0\u03b1\u03c4\u03c1\u03b9\u03ac\u03c1\u03c7\u03b7 \u03a6\u03c9\u03c4\u03af\u03bf\u03c5 \u03c3\u03c4\u03bf\u03bd \u039c\u03b1\u03b8\u03b7\u03c4\u03ae \u03c4\u03bf\u03c5 \u039b\u03ad\u03bf\u03bd\u03c4\u03b1 \u03a3\u03a4\u0384 \u03ba\u03b1\u03b9 \u03c3\u03c4\u03bf\u03bd \u0397\u03b3\u03b5\u03bc\u03cc\u03bd\u03b1 \u0392\u03cc\u03c1\u03b9- \u039c\u03b9\u03c7\u03b1\u03ae\u03bb \u03c4\u03b7\u03c2 \u0392\u03bf\u03c5\u03bb\u03b3\u03b1\u03c1\u03af\u03b1\u03c2\u00bb, 4\u03bf \u0394\u03b9\u03b5\u03b8\u03bd\u03ad\u03c2 \u0395\u03c0\u03b9\u03c3\u03c4\u03b7\u03bc\u03bf\u03bd\u03b9\u03ba\u03cc \u03a3\u03c5\u03bd\u03ad\u03b4\u03c1\u03b9\u03bf., \u0397\u03c1\u03ac\u03ba\u03bb\u03b5\u03b9\u03bf 2018, \u03c4\u03cc\u03bc\u03bf\u03c2 \u03b2\u0384, \u03c3\u03b5\u03bb.149- 154 [Beneficiaries and Charity Benefits as Seen in the Imperial Ideology of the Middle Byzantine Period. The Advice of Patriarch Photios to his Student Leo VI and to the King Boris-Michael of Bulgaria] I.A.K.E., 4th International Scientific Conference, Conference Proceedings, Heraklion 27- 29 April 2018, volume II, Heraklion 2018, pp. 149- 154.<\/p>\n<p>\u00ab\u0397 \u03a0\u03bf\u03bb\u03b9\u03c4\u03b9\u03ba\u03ae \u03a0\u03b1\u03b9\u03b4\u03b5\u03af\u03b1 \u03c4\u03c9\u03bd \u03a0\u03c1\u03b9\u03b3\u03ba\u03af\u03c0\u03c9\u03bd \u03c4\u03b7\u03c2 \u039c\u03ad\u03c3\u03b7\u03c2 \u0392\u03c5\u03b6\u03b1\u03bd\u03c4\u03b9\u03bd\u03ae\u03c2 \u03a0\u03b5\u03c1\u03b9\u03cc\u03b4\u03bf\u03c5. \u039f\u03b9 \u03a3\u03c5\u03bc\u03b2\u03bf\u03c5\u03bb\u03ad\u03c2 \u03c4\u03c9\u03bd \u0394\u03b1\u03c3\u03ba\u03ac\u03bb\u03c9\u03bd \u03c4\u03bf\u03c5\u03c2 \u03ba\u03b1\u03b9 \u03bf\u03b9 \u03a3\u03c4\u03bf\u03c7\u03b1\u03c3\u03bc\u03bf\u03af \u03c4\u03bf\u03c5\u03c2 \u03c0\u03ac\u03bd\u03c9 \u03c3\u03c4\u03b1 \u03a0\u03bf\u03bb\u03b9\u03c4\u03b5\u03cd\u03bc\u03b1\u03c4\u03b1 \u03cc\u03c0\u03c9\u03c2 \u039a\u03b1\u03c4\u03b1\u03b3\u03c1\u03ac\u03c6\u03bf\u03bd\u03c4\u03b1\u03b9 \u03c3\u03c4\u03bf\u03c5\u03c2 \u0392\u03b1\u03c3\u03b9\u03bb\u03b9\u03ba\u03bf\u03cd\u03c2 \u0391\u03bd\u03b4\u03c1\u03b9\u03ac\u03bd\u03c4\u03b5\u03c2\u00bb. [Political Education of the Princes of the Middle Byzantine Period. The Advice of their Teachers and their Thoughts on the Systems of Government as Seen in the Mirrors for Princes], 3rd International Scientific Conference, Conference Proceedings, Heraklion 5- 7 May 2017, volume I, Heraklion 2017, pp. 147- 155.<\/p>\n<p>Dora Konstantellou studied Byzantine Art and Archaeology at the National and Kapodistrian University of Athens (MA, PhD), at the Pantheon-Sorbonne University-Paris 1 (Erasmus Exchange Programme). Her PhD thesis subject: &#8220;A Painting Workshop in the Countryside of Naxos (end of the 13th c.- beginning of the 14th c.): Patronage and Artistic Creation), reconstructed, both artistically and historically and tried to contextualize the activity of a local painting \u201cworkshop\u201d. At the same time the \u201cstories\u201d of some of its painters and clients in the late medieval Naxos were thoroughly explored by the epigraphic and related evidence. During her studies she received several grants and fellowships, including the Mary Jaharis Center Dissertation Grant and the Titos Papamastorakis Dissertation Grant for unpublished theses.<\/p>\n<p>She has participated in excavation projects that were carried out by the UoA on the island of Kos and the Sinai Peninsula and has worked as a research associate in some major research programmes. This academic year (2020-2121) she taught Byzantine and Post-Byzantine Art and Archaeology in the School of Tour Guides in Athens. She is member of the Christian Archaeological Society and the Greek Committee of Byzantine Studies. The areas of scientific research include the lives and conditions of work of the byzantine painters, the cult of saints, the role of the texts and of scripture in the medieval visual arts, the mirroring of devotional\/social self through patronage, and the agency of objects (and materialism) in the reconstruction of identity and subjectivity during the Late Byzantine period.<\/p>\n<p>In this research project she pursues a materialistic analysis of the Palaiologan Romances. She has recorded the objects in several categories, and has tried to explore the multidimensional meaning and role that these objects and their materials acquired within this fictional world. Another facet of this study investigates the moments and the contexts of their relation with the contemporary material culture.<\/p>\n<p>&nbsp;<\/p>\n<p>Editing:<\/p>\n<ol>\n<li>Ampoutis, M. Dimitriadis, S. Dimitriadis<em>, <\/em>Th. Konstantellou, M. Mamali, V. Sarafis (eds),<\/li>\n<\/ol>\n<p><em>Violence and Politics: Ideologies, Identities, Representations, <\/em>Newcastle, Cambridge<\/p>\n<p>Scholars Publishing, 2018<\/p>\n<p>&nbsp;<\/p>\n<p>Articles in journals and conference proceedings:<\/p>\n<p>&nbsp;<\/p>\n<p>\u039c. Panayotidou-Kesisoglou \u03a4. Konstantellou, \u201cByzantine Wall Paintings of Protothronos at Chalki, Naxos. Images, function and Historical Context (10<sup>th<\/sup> -11<sup>th<\/sup> c. phases)\u201d, <em>Naxos and The Byzantine Aegean<\/em>, J. Crow, D. Hill (eds.) [Norwegian Institute at Athens, vol. 7] Athens 2018, 257\u2013282.<\/p>\n<p>&nbsp;<\/p>\n<ol start=\"196\">\n<li>Konstantellou, \u201cSaint John The Baptist Rigodioktes. A Holy Healer of Fevers in the Church of the Panaghia at Archatos, Naxos (1285)\u201d, <em>\u0394\u03a7\u0391\u0395<\/em> 41 (2020), 173-196.<\/li>\n<\/ol>\n<p>&nbsp;<\/p>\n<ol>\n<li>Konstantellou, \u201cThe funerary representation of a lady in the church of Agioi Anargyroi outside Kato Sagri in Naxos (first half of the 13th century?)\u00bb, <em>Art and Archaeology in Byzantium and beyond. Essays in honor of Professors Sophia Kalopissi-Verti and Maria Panayotidi-Kesisoglou<\/em>, D. Mourelatos (ed.), Oxford 2021, 43-54 (\u03c5\u03c0\u03cc \u03ad\u03ba\u03b4\u03bf\u03c3\u03b7)<\/li>\n<\/ol>\n<p>&nbsp;<\/p>\n<p>\u0394. \u039a\u03c9\u03bd\u03c3\u03c4\u03b1\u03bd\u03c4\u03ad\u03bb\u03bb\u03bf\u03c5, \u00ab\u0386\u03b3\u03b9\u03bf\u03c2 \u0393\u03b5\u03ce\u03c1\u03b3\u03b9\u03bf\u03c2 \u03bf \u0394\u03b9\u03b1\u03c3\u03bf\u03c1\u03af\u03c4\u03b7\u03c2: \u03bc\u03b5\u03c1\u03b9\u03ba\u03ad\u03c2 \u03c3\u03ba\u03ad\u03c8\u03b5\u03b9\u03c2 \u03b3\u03b9\u03b1 \u03c4\u03b7\u03bd \u03b9\u03c3\u03c4\u03bf\u03c1\u03af\u03b1 \u03ba\u03b1\u03b9 \u03c4\u03b7 \u03c7\u03c1\u03ae\u03c3\u03b7<\/p>\n<p>\u03bc\u03b9\u03b1\u03c2 \u03c0\u03c1\u03bf\u03c3\u03c9\u03bd\u03c5\u03bc\u03af\u03b1\u03c2 \u03c3\u03c4\u03b7 \u039d\u03ac\u03be\u03bf\u00bb, <em>\u03a0\u03c1\u03b1\u03ba\u03c4\u03b9\u03ba\u03ac \u03c4\u03bf\u03c5 \u03a3\u03a4\u0384 \u03a0\u03b1\u03bd\u03b5\u03bb\u03bb\u03ae\u03bd\u03b9\u03bf\u03c5 \u0395\u03c0\u03b9\u03c3\u03c4\u03b7\u03bc\u03bf\u03bd\u03b9\u03ba\u03bf\u03cd \u03a3\u03c5\u03bd\u03b5\u03b4\u03c1\u03af\u03bf\u03c5\u00a0 \u00ab\u0397 \u039d\u03ac\u03be\u03bf\u03c2<\/em><\/p>\n<p><em>\u03b4\u03b9\u03b1 \u03bc\u03ad\u03c3\u03bf\u03c5 \u03c4\u03c9\u03bd \u03b1\u03b9\u03ce\u03bd\u03c9\u03bd\u00bb (\u0394\u03b1\u03bc\u03b1\u03c1\u03b9\u03ce\u03bd\u03b1\u03c2 \u039d\u03ac\u03be\u03bf\u03c5, 30 \u0391\u03c5\u03b3\u03bf\u03cd\u03c3\u03c4\u03bf\u03c5-2 \u03a3\u03b5\u03c0\u03c4\u03b5\u03bc\u03b2\u03c1\u03af\u03bf\u03c5 2018)<\/em>, \u039d\u03ac\u03be\u03bf\u03c2 2021,<\/p>\n<p>345-360 (\u03c5\u03c0\u03cc \u03ad\u03ba\u03b4\u03bf\u03c3\u03b7)<\/p>","protected":false},"excerpt":{"rendered":"<p>&nbsp; Nafsika Vassilopoulou, PhD in Byzantine History, NKUA Postdoctoral Research Fellow, Hellenic Foundation for Research and Innovation \/ University of the Aegean Nafsika Vassilopoulou was born in Athens in 1983. She holds a PhD in Byzantine history from the National and Kapodistrian University of Athens, where she also completed her[&#8230;]<\/p>\n","protected":false},"author":1,"featured_media":0,"parent":0,"menu_order":0,"comment_status":"closed","ping_status":"closed","template":"template-fullwidth.php","meta":{"footnotes":""},"class_list":["post-267","page","type-page","status-publish","hentry"],"_links":{"self":[{"href":"https:\/\/www.wpr1918.gr\/en\/wp-json\/wp\/v2\/pages\/267","targetHints":{"allow":["GET"]}}],"collection":[{"href":"https:\/\/www.wpr1918.gr\/en\/wp-json\/wp\/v2\/pages"}],"about":[{"href":"https:\/\/www.wpr1918.gr\/en\/wp-json\/wp\/v2\/types\/page"}],"author":[{"embeddable":true,"href":"https:\/\/www.wpr1918.gr\/en\/wp-json\/wp\/v2\/users\/1"}],"replies":[{"embeddable":true,"href":"https:\/\/www.wpr1918.gr\/en\/wp-json\/wp\/v2\/comments?post=267"}],"version-history":[{"count":16,"href":"https:\/\/www.wpr1918.gr\/en\/wp-json\/wp\/v2\/pages\/267\/revisions"}],"predecessor-version":[{"id":380,"href":"https:\/\/www.wpr1918.gr\/en\/wp-json\/wp\/v2\/pages\/267\/revisions\/380"}],"wp:attachment":[{"href":"https:\/\/www.wpr1918.gr\/en\/wp-json\/wp\/v2\/media?parent=267"}],"curies":[{"name":"wp","href":"https:\/\/api.w.org\/{rel}","templated":true}]}}